{"id":7622,"date":"2025-04-08T11:08:25","date_gmt":"2025-04-08T09:08:25","guid":{"rendered":"https:\/\/www.zelos.be\/belgian-motorcycle-fund\/"},"modified":"2025-12-11T16:56:19","modified_gmt":"2025-12-11T15:56:19","slug":"belgian-motorcycle-fund","status":"publish","type":"page","link":"https:\/\/www.zelos.be\/en\/belgian-motorcycle-fund\/","title":{"rendered":"Belgian Motorcycle Fund"},"content":{"rendered":"<p><div class=\"fusion-fullwidth fullwidth-box fusion-builder-row-1 nonhundred-percent-fullwidth non-hundred-percent-height-scrolling\" style=\"--awb-border-radius-top-left:0px;--awb-border-radius-top-right:0px;--awb-border-radius-bottom-right:0px;--awb-border-radius-bottom-left:0px;--awb-flex-wrap:wrap;\" ><div class=\"fusion-builder-row fusion-row\"><div class=\"fusion-layout-column fusion_builder_column fusion-builder-column-0 fusion_builder_column_1_1 1_1 fusion-one-full fusion-column-first fusion-column-last\" style=\"--awb-bg-blend:overlay;--awb-bg-size:cover;\"><div class=\"fusion-column-wrapper fusion-flex-column-wrapper-legacy\"><div class=\"fusion-sep-clear\"><\/div><div class=\"fusion-separator fusion-full-width-sep\" style=\"margin-left: auto;margin-right: auto;margin-top:100px;width:100%;\"><\/div><div class=\"fusion-sep-clear\"><\/div><div class=\"fusion-image-element fusion-image-align-center in-legacy-container\" style=\"text-align:center;--awb-max-width:600px;--awb-caption-title-font-family:var(--h2_typography-font-family);--awb-caption-title-font-weight:var(--h2_typography-font-weight);--awb-caption-title-font-style:var(--h2_typography-font-style);--awb-caption-title-size:var(--h2_typography-font-size);--awb-caption-title-transform:var(--h2_typography-text-transform);--awb-caption-title-line-height:var(--h2_typography-line-height);--awb-caption-title-letter-spacing:var(--h2_typography-letter-spacing);\"><div class=\"imageframe-align-center\"><span class=\" fusion-imageframe imageframe-none imageframe-1 hover-type-none\"><img decoding=\"async\" width=\"1024\" height=\"318\" title=\"logobelgianmotorcycledef\" src=\"http:\/\/www.zelos.be\/layout\/uploads\/2023\/04\/logobelgianmotorcycledef-1024x318.png\" alt class=\"img-responsive wp-image-7623\" srcset=\"https:\/\/www.zelos.be\/layout\/uploads\/2023\/04\/logobelgianmotorcycledef-200x62.png 200w, https:\/\/www.zelos.be\/layout\/uploads\/2023\/04\/logobelgianmotorcycledef-400x124.png 400w, https:\/\/www.zelos.be\/layout\/uploads\/2023\/04\/logobelgianmotorcycledef-600x187.png 600w, https:\/\/www.zelos.be\/layout\/uploads\/2023\/04\/logobelgianmotorcycledef-800x249.png 800w, https:\/\/www.zelos.be\/layout\/uploads\/2023\/04\/logobelgianmotorcycledef-1200x373.png 1200w, https:\/\/www.zelos.be\/layout\/uploads\/2023\/04\/logobelgianmotorcycledef.png 2139w\" sizes=\"(max-width: 800px) 100vw, 1200px\" \/><\/span><\/div><\/div><div class=\"fusion-sep-clear\"><\/div><div class=\"fusion-separator fusion-full-width-sep\" style=\"margin-left: auto;margin-right: auto;margin-top:100px;width:100%;\"><\/div><div class=\"fusion-sep-clear\"><\/div><div class=\"fusion-title title fusion-title-1 fusion-title-center fusion-title-text fusion-title-size-one intro-zelos\" style=\"--awb-margin-bottom:10px;--awb-sep-color:#ffffff;--awb-font-size:28px;\"><div class=\"title-sep-container title-sep-container-left\"><div class=\"title-sep sep- sep-solid\" style=\"border-color:#ffffff;\"><\/div><\/div><span class=\"awb-title-spacer\"><\/span><h1 class=\"fusion-title-heading title-heading-center fusion-responsive-typography-calculated\" style=\"font-family:&quot;Crete Round&quot;;font-style:normal;font-weight:400;margin:0;font-size:1em;--fontSize:28;line-height:1.4;\"><strong>A Fund Supporting the Talents of Tomorrow<\/strong><\/h1><span class=\"awb-title-spacer\"><\/span><div class=\"title-sep-container title-sep-container-right\"><div class=\"title-sep sep- sep-solid\" style=\"border-color:#ffffff;\"><\/div><\/div><\/div><div class=\"fusion-sep-clear\"><\/div><div class=\"fusion-separator fusion-full-width-sep\" style=\"margin-left: auto;margin-right: auto;margin-top:50px;width:100%;\"><\/div><div class=\"fusion-sep-clear\"><\/div><div class=\"fusion-clearfix\"><\/div><\/div><\/div><\/div><\/div><div class=\"fusion-fullwidth fullwidth-box fusion-builder-row-2 nonhundred-percent-fullwidth non-hundred-percent-height-scrolling\" style=\"--awb-border-radius-top-left:0px;--awb-border-radius-top-right:0px;--awb-border-radius-bottom-right:0px;--awb-border-radius-bottom-left:0px;--awb-flex-wrap:wrap;\" ><div class=\"fusion-builder-row fusion-row\"><div class=\"fusion-layout-column fusion_builder_column fusion-builder-column-1 fusion_builder_column_2_3 2_3 fusion-two-third fusion-column-first\" style=\"--awb-bg-blend:overlay;--awb-bg-size:cover;width:66.666666666667%;width:calc(66.666666666667% - ( ( 4% ) * 0.66666666666667 ) );margin-right: 4%;\"><div class=\"fusion-column-wrapper fusion-flex-column-wrapper-legacy\"><div class=\"fusion-text fusion-text-1\" style=\"--awb-font-size:15px;--awb-letter-spacing:0.5px;--awb-text-color:#000000;--awb-text-font-family:&quot;Source Sans 3&quot;;--awb-text-font-style:normal;--awb-text-font-weight:400;\"><p class=\"\" data-start=\"225\" data-end=\"696\">Belgium has a rich history in motorcycle racing. <strong>Jo\u00ebl Robert, Gaston Rahier, Roger De Coster, Andr\u00e9 Malherbe, Didier de Radigu\u00e8s, and Xavier Sim\u00e9on<\/strong> are just some of the many riders who have made their mark across various two-wheel disciplines.<\/p>\n<p class=\"\" data-start=\"225\" data-end=\"696\">To ensure the &#8220;flat country&#8221; remains a land of talent, <strong data-start=\"530\" data-end=\"630\">Zelos has made it its mission to preserve and build upon this legacy through several initiatives<\/strong>, one of which is the creation of the <strong data-start=\"668\" data-end=\"695\">Belgian Motorcycle Fund<\/strong>.<\/p>\n<p class=\"\" data-start=\"698\" data-end=\"956\">This fund is hosted by the <strong data-start=\"725\" data-end=\"753\">King Baudouin Foundation<\/strong>.<br data-start=\"754\" data-end=\"757\" \/>Its primary mission is to promote the safe and inclusive practice of high-level motorcycle sport in Belgium.<br data-start=\"865\" data-end=\"868\" \/>Its second mission is to <strong data-start=\"893\" data-end=\"955\">preserve Belgium\u2019s rich motorcycle and motorsport heritage<\/strong>.<\/p>\n<p class=\"\" data-start=\"958\" data-end=\"1285\">The BMF supports the work of the <strong data-start=\"991\" data-end=\"1021\">Belgian Motorcycle Academy<\/strong>, a non-profit training school for young talents aged 7 to 17 who aspire to become professional riders.<br data-start=\"1124\" data-end=\"1127\" \/>This academy was founded in partnership with the <strong data-start=\"1176\" data-end=\"1224\">F\u00e9d\u00e9ration Motocycliste Wallonne de Belgique<\/strong>, the <strong data-start=\"1230\" data-end=\"1255\">Jules Tacheny Circuit<\/strong> in Mettet, and <strong data-start=\"1271\" data-end=\"1284\">MIG\/Zelos<\/strong>.<\/p>\n<p class=\"\" data-start=\"1287\" data-end=\"1484\"><strong data-start=\"1287\" data-end=\"1314\">You can support the BMF<\/strong> by clicking here to make a donation online in just a few minutes.<\/p>\n<p class=\"\" data-start=\"1287\" data-end=\"1484\"><strong data-start=\"1383\" data-end=\"1484\">Your contribution will help the Belgian Motorcycle Fund turn young talents into future champions!<\/strong><\/p>\n<\/div><div class=\"fusion-clearfix\"><\/div><\/div><\/div><div class=\"fusion-layout-column fusion_builder_column fusion-builder-column-2 fusion_builder_column_1_3 1_3 fusion-one-third fusion-column-last\" style=\"--awb-bg-blend:overlay;--awb-bg-size:cover;width:33.333333333333%;width:calc(33.333333333333% - ( ( 4% ) * 0.33333333333333 ) );\"><div class=\"fusion-column-wrapper fusion-flex-column-wrapper-legacy\"><div class=\"fusion-image-element fusion-image-align-center in-legacy-container\" style=\"text-align:center;--awb-caption-title-font-family:var(--h2_typography-font-family);--awb-caption-title-font-weight:var(--h2_typography-font-weight);--awb-caption-title-font-style:var(--h2_typography-font-style);--awb-caption-title-size:var(--h2_typography-font-size);--awb-caption-title-transform:var(--h2_typography-text-transform);--awb-caption-title-line-height:var(--h2_typography-line-height);--awb-caption-title-letter-spacing:var(--h2_typography-letter-spacing);\"><div class=\"imageframe-align-center\"><span class=\" fusion-imageframe imageframe-none imageframe-2 hover-type-none\"><img decoding=\"async\" width=\"502\" height=\"505\" title=\"WhatsApp Image 2023-04-24 at 17.50.53\" src=\"http:\/\/www.zelos.be\/layout\/uploads\/2023\/04\/WhatsApp-Image-2023-04-24-at-17.50.53.jpeg\" alt class=\"img-responsive wp-image-7624\" srcset=\"https:\/\/www.zelos.be\/layout\/uploads\/2023\/04\/WhatsApp-Image-2023-04-24-at-17.50.53-200x201.jpeg 200w, https:\/\/www.zelos.be\/layout\/uploads\/2023\/04\/WhatsApp-Image-2023-04-24-at-17.50.53-400x402.jpeg 400w, https:\/\/www.zelos.be\/layout\/uploads\/2023\/04\/WhatsApp-Image-2023-04-24-at-17.50.53.jpeg 502w\" sizes=\"(max-width: 800px) 100vw, 400px\" \/><\/span><\/div><\/div><div class=\"fusion-clearfix\"><\/div><\/div><\/div><\/div><\/div><div class=\"fusion-fullwidth fullwidth-box fusion-builder-row-3 nonhundred-percent-fullwidth non-hundred-percent-height-scrolling\" style=\"--awb-border-radius-top-left:0px;--awb-border-radius-top-right:0px;--awb-border-radius-bottom-right:0px;--awb-border-radius-bottom-left:0px;--awb-flex-wrap:wrap;\" ><div class=\"fusion-builder-row fusion-row\"><div class=\"fusion-layout-column fusion_builder_column fusion-builder-column-3 fusion_builder_column_1_1 1_1 fusion-one-full fusion-column-first fusion-column-last\" style=\"--awb-bg-blend:overlay;--awb-bg-size:cover;\"><div class=\"fusion-column-wrapper fusion-flex-column-wrapper-legacy\"><div class=\"fusion-image-element fusion-image-align-center in-legacy-container\" style=\"text-align:center;--awb-max-width:;--awb-caption-title-font-family:var(--h2_typography-font-family);--awb-caption-title-font-weight:var(--h2_typography-font-weight);--awb-caption-title-font-style:var(--h2_typography-font-style);--awb-caption-title-size:var(--h2_typography-font-size);--awb-caption-title-transform:var(--h2_typography-text-transform);--awb-caption-title-line-height:var(--h2_typography-line-height);--awb-caption-title-letter-spacing:var(--h2_typography-letter-spacing);\"><div class=\"imageframe-align-center\"><span class=\" fusion-imageframe imageframe-none imageframe-3 hover-type-none\"><img decoding=\"async\" width=\"1024\" height=\"583\" title=\"Capture d&#8217;\u00e9cran 2025-12-11 165535\" src=\"https:\/\/www.zelos.be\/layout\/uploads\/2025\/12\/Capture-decran-2025-12-11-165535-1024x583.png\" alt class=\"img-responsive wp-image-7993\" srcset=\"https:\/\/www.zelos.be\/layout\/uploads\/2025\/12\/Capture-decran-2025-12-11-165535-200x114.png 200w, https:\/\/www.zelos.be\/layout\/uploads\/2025\/12\/Capture-decran-2025-12-11-165535-400x228.png 400w, https:\/\/www.zelos.be\/layout\/uploads\/2025\/12\/Capture-decran-2025-12-11-165535-600x341.png 600w, https:\/\/www.zelos.be\/layout\/uploads\/2025\/12\/Capture-decran-2025-12-11-165535-800x455.png 800w, https:\/\/www.zelos.be\/layout\/uploads\/2025\/12\/Capture-decran-2025-12-11-165535-1200x683.png 1200w, https:\/\/www.zelos.be\/layout\/uploads\/2025\/12\/Capture-decran-2025-12-11-165535.png 1863w\" sizes=\"(max-width: 800px) 100vw, 1200px\" \/><\/span><\/div><\/div><div class=\"fusion-clearfix\"><\/div><\/div><\/div><\/div><\/div><\/p>\n","protected":false},"excerpt":{"rendered":"","protected":false},"author":10,"featured_media":0,"parent":0,"menu_order":0,"comment_status":"closed","ping_status":"closed","template":"","meta":{"footnotes":""},"class_list":["post-7622","page","type-page","status-publish","hentry"],"aioseo_notices":[],"_links":{"self":[{"href":"https:\/\/www.zelos.be\/en\/wp-json\/wp\/v2\/pages\/7622"}],"collection":[{"href":"https:\/\/www.zelos.be\/en\/wp-json\/wp\/v2\/pages"}],"about":[{"href":"https:\/\/www.zelos.be\/en\/wp-json\/wp\/v2\/types\/page"}],"author":[{"embeddable":true,"href":"https:\/\/www.zelos.be\/en\/wp-json\/wp\/v2\/users\/10"}],"replies":[{"embeddable":true,"href":"https:\/\/www.zelos.be\/en\/wp-json\/wp\/v2\/comments?post=7622"}],"version-history":[{"count":7,"href":"https:\/\/www.zelos.be\/en\/wp-json\/wp\/v2\/pages\/7622\/revisions"}],"predecessor-version":[{"id":7996,"href":"https:\/\/www.zelos.be\/en\/wp-json\/wp\/v2\/pages\/7622\/revisions\/7996"}],"wp:attachment":[{"href":"https:\/\/www.zelos.be\/en\/wp-json\/wp\/v2\/media?parent=7622"}],"curies":[{"name":"wp","href":"https:\/\/api.w.org\/{rel}","templated":true}]}}