{"id":4313,"date":"2019-06-19T14:31:10","date_gmt":"2019-06-19T12:31:10","guid":{"rendered":"https:\/\/www.zelos.be\/cap-sur-lor\/"},"modified":"2025-02-26T12:51:20","modified_gmt":"2025-02-26T11:51:20","slug":"cap-sur-lor","status":"publish","type":"page","link":"https:\/\/www.zelos.be\/nl\/cap-sur-lor\/","title":{"rendered":"Cap sur l&#8217;Or"},"content":{"rendered":"<p><div class=\"fusion-fullwidth fullwidth-box fusion-builder-row-1 nonhundred-percent-fullwidth non-hundred-percent-height-scrolling\" style=\"--awb-border-radius-top-left:0px;--awb-border-radius-top-right:0px;--awb-border-radius-bottom-right:0px;--awb-border-radius-bottom-left:0px;--awb-flex-wrap:wrap;\" ><div class=\"fusion-builder-row fusion-row\"><div class=\"fusion-layout-column fusion_builder_column fusion-builder-column-0 fusion_builder_column_1_1 1_1 fusion-one-full fusion-column-first fusion-column-last intro-zelos\" style=\"--awb-bg-blend:overlay;--awb-bg-size:cover;\"><div class=\"fusion-column-wrapper fusion-flex-column-wrapper-legacy\"><div class=\"fusion-title title fusion-title-1 fusion-sep-none fusion-title-center fusion-title-text fusion-title-size-one intro-zelos\" style=\"--awb-margin-top:30px;--awb-margin-bottom:10px;--awb-font-size:28px;\"><h1 class=\"fusion-title-heading title-heading-center fusion-responsive-typography-calculated\" style=\"font-family:&quot;Crete Round&quot;;font-style:normal;font-weight:400;margin:0;font-size:1em;--fontSize:28;line-height:1.4;\"><em><strong>Cap sur l&#8217;Or<\/strong><\/em><\/h1><\/div><div class=\"fusion-title title fusion-title-2 fusion-sep-none fusion-title-center fusion-title-text fusion-title-size-two subtext-zelos\" style=\"--awb-text-color:#777777;--awb-font-size:22px;\"><h2 class=\"fusion-title-heading title-heading-center fusion-responsive-typography-calculated\" style=\"font-family:&quot;Crete Round&quot;;font-style:normal;font-weight:400;margin:0;font-size:1em;--fontSize:22;line-height:1.5;\"><strong>Amener le handisport au plus au niveau<\/strong><\/h2><\/div><div class=\"fusion-clearfix\"><\/div><\/div><\/div><\/div><\/div><div class=\"fusion-fullwidth fullwidth-box fusion-builder-row-2 about-text-zelos nonhundred-percent-fullwidth non-hundred-percent-height-scrolling\" style=\"--awb-border-radius-top-left:0px;--awb-border-radius-top-right:0px;--awb-border-radius-bottom-right:0px;--awb-border-radius-bottom-left:0px;--awb-flex-wrap:wrap;\" ><div class=\"fusion-builder-row fusion-row\"><div class=\"fusion-layout-column fusion_builder_column fusion-builder-column-1 fusion_builder_column_1_1 1_1 fusion-one-full fusion-column-first fusion-column-last about-text-zelos\" style=\"--awb-bg-blend:overlay;--awb-bg-size:cover;\"><div class=\"fusion-column-wrapper fusion-flex-column-wrapper-legacy\"><div class=\"fusion-text fusion-text-1 last-text-zelos\" style=\"--awb-font-size:15px;--awb-letter-spacing:0.5px;--awb-text-color:#000000;--awb-text-font-family:&quot;Source Sans 3&quot;;--awb-text-font-style:normal;--awb-text-font-weight:400;\"><p>CAP SUR L&#8217;OR vise \u00e0\u00a0<strong>r\u00e9colter des moyens financiers compl\u00e9mentaires<\/strong>\u00a0pour amener l&#8217;handisport francophone au plus haut niveau :\u00a0Jeux paralympiques\u00a0de Tokyo 2020, Paris 2024 et grandes comp\u00e9titions handisportives internationales (24h du Mans, Open de Golf,&#8230;).<\/p>\n<p>Les financements structurels actuels octroy\u00e9s au\u00a0handisport sont insuffisants pour couvrir enti\u00e8rement toutes les disciplines dans lesquelles des talents existent. C&#8217;est pourquoi\u00a0<strong>CAP 48 s&#8217;est associ\u00e9\u00a0\u00e0 SMS<\/strong>, la r\u00e9gie publicitaire enti\u00e8rement d\u00e9di\u00e9e au sport cr\u00e9\u00e9e par Zelos (op\u00e9rateur expert dans le sport de haut niveau men\u00e9 par Freddy Tacheny)\u00a0et RMB, r\u00e9gie publicitaire de la RTBF.<\/p>\n<p>L&#8217;objectif est d&#8217;apporter, avec des partenaires priv\u00e9s et dans le cadre d&#8217;un co-financement, des moyens financiers compl\u00e9mentaires aux handisportifs de haut niveau dans les\u00a0disciplines suivantes :<strong>\u00a0tennis, \u00e9quitation, natation, cyclisme, aviron, sports moteurs et golf.\u00a0<\/strong>Hormis dans les sports moteurs, les athl\u00e8tes qui b\u00e9n\u00e9ficieront du soutien du projet CAP SUR L&#8217;OR s\u2019entra\u00eenent dans les clubs et les structures de la\u00a0<a href=\"http:\/\/www.handisport.be\/\" target=\"_blank\" rel=\"noopener\">Ligue Handisport Francophone<\/a>.<\/p>\n<p>Le programme vise aussi \u00e0 m\u00e9diatiser davantage le handisport et \u00e0\u00a0<strong>sensibiliser le grand public\u00a0<\/strong>aux performances de ces sportifs hors du commun.<\/p>\n<p>Enfin, l&#8217;ambition est de faire des handisportifs de haut niveau une r\u00e9f\u00e9rence et une\u00a0<strong>source d&#8217;inspiration<\/strong>\u00a0pour de nombreuses\u00a0personnes en situation\u00a0de handicap en soulignant les b\u00e9n\u00e9fices de la pratique sportive.<\/p>\n<\/div><div class=\"fusion-sep-clear\"><\/div><div class=\"fusion-separator fusion-full-width-sep\" style=\"margin-left: auto;margin-right: auto;margin-top:25px;width:100%;\"><\/div><div class=\"fusion-sep-clear\"><\/div><div class=\"fusion-aligncenter\"><a class=\"fusion-button button-flat fusion-button-default-size button-custom fusion-button-default button-1 fusion-button-default-span fusion-button-default-type\" style=\"--button_accent_color:#ffffff;--button_accent_hover_color:#ffffff;--button_border_hover_color:#ffffff;--button_gradient_top_color:#ee1c25;--button_gradient_bottom_color:#ee1c25;--button_gradient_top_color_hover:#96c346;--button_gradient_bottom_color_hover:#96c346;\" target=\"_self\" href=\"https:\/\/www.zelos.be\/target-victory\/\"><span class=\"fusion-button-text\">A la recherche d\u2019un soutien au handisport national? D\u00e9couvrez Target Victory<\/span><\/a><\/div><div class=\"fusion-sep-clear\"><\/div><div class=\"fusion-separator fusion-full-width-sep\" style=\"margin-left: auto;margin-right: auto;margin-top:25px;width:100%;\"><\/div><div class=\"fusion-sep-clear\"><\/div><div class=\"fusion-video fusion-youtube fusion-aligncenter\" style=\"--awb-max-width:600px;--awb-max-height:360px;--awb-width:100%;\"><div class=\"video-shortcode\"><div class=\"fluid-width-video-wrapper\" style=\"padding-top:60%;\" ><iframe title=\"YouTube video player 1\" src=\"https:\/\/www.youtube.com\/embed\/WPM2-gmcrDg?wmode=transparent&autoplay=0\" width=\"600\" height=\"360\" allowfullscreen allow=\"autoplay; fullscreen\"><\/iframe><\/div><\/div><\/div><div class=\"fusion-sep-clear\"><\/div><div class=\"fusion-separator fusion-full-width-sep\" style=\"margin-left: auto;margin-right: auto;margin-top:25px;width:100%;\"><\/div><div class=\"fusion-sep-clear\"><\/div><div class=\"fusion-video fusion-youtube fusion-aligncenter\" style=\"--awb-max-width:600px;--awb-max-height:360px;--awb-width:100%;\"><div class=\"video-shortcode\"><div class=\"fluid-width-video-wrapper\" style=\"padding-top:60%;\" ><iframe title=\"YouTube video player 2\" src=\"https:\/\/www.youtube.com\/embed\/Y0kof9KHQCo?wmode=transparent&autoplay=0\" width=\"600\" height=\"360\" allowfullscreen allow=\"autoplay; fullscreen\"><\/iframe><\/div><\/div><\/div><div class=\"fusion-sep-clear\"><\/div><div class=\"fusion-separator fusion-full-width-sep\" style=\"margin-left: auto;margin-right: auto;margin-top:25px;width:100%;\"><\/div><div class=\"fusion-sep-clear\"><\/div><div class=\"fusion-video fusion-youtube fusion-aligncenter\" style=\"--awb-max-width:600px;--awb-max-height:360px;--awb-width:100%;\"><div class=\"video-shortcode\"><div class=\"fluid-width-video-wrapper\" style=\"padding-top:60%;\" ><iframe title=\"YouTube video player 3\" src=\"https:\/\/www.youtube.com\/embed\/Ms6EhBAFrjU?wmode=transparent&autoplay=0\" width=\"600\" height=\"360\" allowfullscreen allow=\"autoplay; fullscreen\"><\/iframe><\/div><\/div><\/div><div class=\"fusion-clearfix\"><\/div><\/div><\/div><\/div><\/div><div class=\"fusion-fullwidth fullwidth-box fusion-builder-row-3 intro-zelos nonhundred-percent-fullwidth non-hundred-percent-height-scrolling\" style=\"--awb-border-radius-top-left:0px;--awb-border-radius-top-right:0px;--awb-border-radius-bottom-right:0px;--awb-border-radius-bottom-left:0px;--awb-flex-wrap:wrap;\" ><div class=\"fusion-builder-row fusion-row\"><div class=\"fusion-layout-column fusion_builder_column fusion-builder-column-2 fusion_builder_column_1_1 1_1 fusion-one-full fusion-column-first fusion-column-last\" style=\"--awb-bg-blend:overlay;--awb-bg-size:cover;\"><div class=\"fusion-column-wrapper fusion-flex-column-wrapper-legacy\"><div class=\"fusion-title title fusion-title-3 fusion-sep-none fusion-title-center fusion-title-text fusion-title-size-three title_source\" style=\"--awb-margin-top:20px;\"><h3 class=\"fusion-title-heading title-heading-center fusion-responsive-typography-calculated\" style=\"font-family:&quot;Source Sans 3&quot;;font-style:normal;font-weight:400;margin:0;--fontSize:16;--minFontSize:16;line-height:1.5;\">Nos partenaires<\/h3><\/div><div class=\"fusion-clearfix\"><\/div><\/div><\/div><div class=\"fusion-layout-column fusion_builder_column fusion-builder-column-3 fusion_builder_column_1_3 1_3 fusion-one-third fusion-column-first\" style=\"--awb-bg-blend:overlay;--awb-bg-size:cover;width:33.333333333333%;width:calc(33.333333333333% - ( ( 4% + 4% ) * 0.33333333333333 ) );margin-right: 4%;\"><div class=\"fusion-column-wrapper fusion-flex-column-wrapper-legacy\"><div class=\"fusion-image-element fusion-image-align-center in-legacy-container\" style=\"text-align:center;--awb-caption-title-font-family:var(--h2_typography-font-family);--awb-caption-title-font-weight:var(--h2_typography-font-weight);--awb-caption-title-font-style:var(--h2_typography-font-style);--awb-caption-title-size:var(--h2_typography-font-size);--awb-caption-title-transform:var(--h2_typography-text-transform);--awb-caption-title-line-height:var(--h2_typography-line-height);--awb-caption-title-letter-spacing:var(--h2_typography-letter-spacing);\"><div class=\"imageframe-align-center\"><span class=\" fusion-imageframe imageframe-none imageframe-1 hover-type-none\"><img decoding=\"async\" width=\"300\" height=\"300\" title=\"Design sans titre\" src=\"http:\/\/www.zelos.be\/layout\/uploads\/2020\/09\/Design-sans-titre-3.jpg\" alt class=\"img-responsive wp-image-3924\" srcset=\"https:\/\/www.zelos.be\/layout\/uploads\/2020\/09\/Design-sans-titre-3-200x200.jpg 200w, https:\/\/www.zelos.be\/layout\/uploads\/2020\/09\/Design-sans-titre-3.jpg 300w\" sizes=\"(max-width: 800px) 100vw, 300px\" \/><\/span><\/div><\/div><div class=\"fusion-clearfix\"><\/div><\/div><\/div><div class=\"fusion-layout-column fusion_builder_column fusion-builder-column-4 fusion_builder_column_1_3 1_3 fusion-one-third\" style=\"--awb-bg-blend:overlay;--awb-bg-size:cover;width:33.333333333333%;width:calc(33.333333333333% - ( ( 4% + 4% ) * 0.33333333333333 ) );margin-right: 4%;\"><div class=\"fusion-column-wrapper fusion-flex-column-wrapper-legacy\"><div class=\"fusion-image-element fusion-image-align-center in-legacy-container\" style=\"text-align:center;--awb-caption-title-font-family:var(--h2_typography-font-family);--awb-caption-title-font-weight:var(--h2_typography-font-weight);--awb-caption-title-font-style:var(--h2_typography-font-style);--awb-caption-title-size:var(--h2_typography-font-size);--awb-caption-title-transform:var(--h2_typography-text-transform);--awb-caption-title-line-height:var(--h2_typography-line-height);--awb-caption-title-letter-spacing:var(--h2_typography-letter-spacing);\"><div class=\"imageframe-align-center\"><span class=\" fusion-imageframe imageframe-none imageframe-2 hover-type-none\"><img decoding=\"async\" width=\"300\" height=\"300\" title=\"Design sans titre (2)\" src=\"http:\/\/www.zelos.be\/layout\/uploads\/2020\/09\/Design-sans-titre-2-1.jpg\" alt class=\"img-responsive wp-image-3922\" srcset=\"https:\/\/www.zelos.be\/layout\/uploads\/2020\/09\/Design-sans-titre-2-1-200x200.jpg 200w, https:\/\/www.zelos.be\/layout\/uploads\/2020\/09\/Design-sans-titre-2-1.jpg 300w\" sizes=\"(max-width: 800px) 100vw, 300px\" \/><\/span><\/div><\/div><div class=\"fusion-clearfix\"><\/div><\/div><\/div><div class=\"fusion-layout-column fusion_builder_column fusion-builder-column-5 fusion_builder_column_1_3 1_3 fusion-one-third fusion-column-last\" style=\"--awb-bg-blend:overlay;--awb-bg-size:cover;width:33.333333333333%;width:calc(33.333333333333% - ( ( 4% + 4% ) * 0.33333333333333 ) );\"><div class=\"fusion-column-wrapper fusion-flex-column-wrapper-legacy\"><div class=\"fusion-image-element fusion-image-align-center in-legacy-container\" style=\"text-align:center;--awb-caption-title-font-family:var(--h2_typography-font-family);--awb-caption-title-font-weight:var(--h2_typography-font-weight);--awb-caption-title-font-style:var(--h2_typography-font-style);--awb-caption-title-size:var(--h2_typography-font-size);--awb-caption-title-transform:var(--h2_typography-text-transform);--awb-caption-title-line-height:var(--h2_typography-line-height);--awb-caption-title-letter-spacing:var(--h2_typography-letter-spacing);\"><div class=\"imageframe-align-center\"><span class=\" fusion-imageframe imageframe-none imageframe-3 hover-type-none\"><img decoding=\"async\" width=\"300\" height=\"300\" title=\"Design sans titre (1)\" src=\"http:\/\/www.zelos.be\/layout\/uploads\/2020\/09\/Design-sans-titre-1-1.jpg\" alt class=\"img-responsive wp-image-3920\" srcset=\"https:\/\/www.zelos.be\/layout\/uploads\/2020\/09\/Design-sans-titre-1-1-200x200.jpg 200w, https:\/\/www.zelos.be\/layout\/uploads\/2020\/09\/Design-sans-titre-1-1.jpg 300w\" sizes=\"(max-width: 800px) 100vw, 300px\" \/><\/span><\/div><\/div><div class=\"fusion-clearfix\"><\/div><\/div><\/div><div class=\"fusion-layout-column fusion_builder_column fusion-builder-column-6 fusion_builder_column_1_1 1_1 fusion-one-full fusion-column-first fusion-column-last\" style=\"--awb-bg-blend:overlay;--awb-bg-size:cover;\"><div class=\"fusion-column-wrapper fusion-flex-column-wrapper-legacy\"><div class=\"fusion-text fusion-text-2\" style=\"--awb-font-size:20px;--awb-text-color:#000000;--awb-text-font-family:&quot;Source Sans 3&quot;;--awb-text-font-style:normal;--awb-text-font-weight:400;\"><p style=\"text-align: center;\">Merci de soutenir CAP SUR L&#8217;OR!<\/p>\n<\/div><div class=\"fusion-clearfix\"><\/div><\/div><\/div><\/div><\/div><\/p>\n","protected":false},"excerpt":{"rendered":"","protected":false},"author":5,"featured_media":0,"parent":0,"menu_order":0,"comment_status":"closed","ping_status":"closed","template":"100-width.php","meta":{"footnotes":""},"class_list":["post-4313","page","type-page","status-publish","hentry"],"aioseo_notices":[],"_links":{"self":[{"href":"https:\/\/www.zelos.be\/nl\/wp-json\/wp\/v2\/pages\/4313"}],"collection":[{"href":"https:\/\/www.zelos.be\/nl\/wp-json\/wp\/v2\/pages"}],"about":[{"href":"https:\/\/www.zelos.be\/nl\/wp-json\/wp\/v2\/types\/page"}],"author":[{"embeddable":true,"href":"https:\/\/www.zelos.be\/nl\/wp-json\/wp\/v2\/users\/5"}],"replies":[{"embeddable":true,"href":"https:\/\/www.zelos.be\/nl\/wp-json\/wp\/v2\/comments?post=4313"}],"version-history":[{"count":15,"href":"https:\/\/www.zelos.be\/nl\/wp-json\/wp\/v2\/pages\/4313\/revisions"}],"predecessor-version":[{"id":7093,"href":"https:\/\/www.zelos.be\/nl\/wp-json\/wp\/v2\/pages\/4313\/revisions\/7093"}],"wp:attachment":[{"href":"https:\/\/www.zelos.be\/nl\/wp-json\/wp\/v2\/media?parent=4313"}],"curies":[{"name":"wp","href":"https:\/\/api.w.org\/{rel}","templated":true}]}}