{"id":5207,"date":"2023-04-24T18:06:07","date_gmt":"2023-04-24T16:06:07","guid":{"rendered":"https:\/\/www.zelos.be\/?page_id=5207"},"modified":"2025-12-11T16:56:48","modified_gmt":"2025-12-11T15:56:48","slug":"belgian-motorcycle-fund","status":"publish","type":"page","link":"https:\/\/www.zelos.be\/nl\/belgian-motorcycle-fund\/","title":{"rendered":"Belgian Motorcycle Fund"},"content":{"rendered":"<p><div class=\"fusion-fullwidth fullwidth-box fusion-builder-row-1 nonhundred-percent-fullwidth non-hundred-percent-height-scrolling\" style=\"--awb-border-radius-top-left:0px;--awb-border-radius-top-right:0px;--awb-border-radius-bottom-right:0px;--awb-border-radius-bottom-left:0px;--awb-flex-wrap:wrap;\" ><div class=\"fusion-builder-row fusion-row\"><div class=\"fusion-layout-column fusion_builder_column fusion-builder-column-0 fusion_builder_column_1_1 1_1 fusion-one-full fusion-column-first fusion-column-last\" style=\"--awb-bg-blend:overlay;--awb-bg-size:cover;\"><div class=\"fusion-column-wrapper fusion-flex-column-wrapper-legacy\"><div class=\"fusion-sep-clear\"><\/div><div class=\"fusion-separator fusion-full-width-sep\" style=\"margin-left: auto;margin-right: auto;margin-top:100px;width:100%;\"><\/div><div class=\"fusion-sep-clear\"><\/div><div class=\"fusion-image-element fusion-image-align-center in-legacy-container\" style=\"text-align:center;--awb-max-width:600px;--awb-caption-title-font-family:var(--h2_typography-font-family);--awb-caption-title-font-weight:var(--h2_typography-font-weight);--awb-caption-title-font-style:var(--h2_typography-font-style);--awb-caption-title-size:var(--h2_typography-font-size);--awb-caption-title-transform:var(--h2_typography-text-transform);--awb-caption-title-line-height:var(--h2_typography-line-height);--awb-caption-title-letter-spacing:var(--h2_typography-letter-spacing);\"><div class=\"imageframe-align-center\"><span class=\" fusion-imageframe imageframe-none imageframe-1 hover-type-none\"><img decoding=\"async\" width=\"1024\" height=\"318\" title=\"logobelgianmotorcycledef\" src=\"http:\/\/www.zelos.be\/layout\/uploads\/2023\/04\/logobelgianmotorcycledef-1024x318.png\" alt class=\"img-responsive wp-image-5183\" srcset=\"https:\/\/www.zelos.be\/layout\/uploads\/2023\/04\/logobelgianmotorcycledef-200x62.png 200w, https:\/\/www.zelos.be\/layout\/uploads\/2023\/04\/logobelgianmotorcycledef-400x124.png 400w, https:\/\/www.zelos.be\/layout\/uploads\/2023\/04\/logobelgianmotorcycledef-600x187.png 600w, https:\/\/www.zelos.be\/layout\/uploads\/2023\/04\/logobelgianmotorcycledef-800x249.png 800w, https:\/\/www.zelos.be\/layout\/uploads\/2023\/04\/logobelgianmotorcycledef-1200x373.png 1200w, https:\/\/www.zelos.be\/layout\/uploads\/2023\/04\/logobelgianmotorcycledef.png 2139w\" sizes=\"(max-width: 800px) 100vw, 1200px\" \/><\/span><\/div><\/div><div class=\"fusion-sep-clear\"><\/div><div class=\"fusion-separator fusion-full-width-sep\" style=\"margin-left: auto;margin-right: auto;margin-top:100px;width:100%;\"><\/div><div class=\"fusion-sep-clear\"><\/div><div class=\"fusion-title title fusion-title-1 fusion-sep-none fusion-title-center fusion-title-text fusion-title-size-one intro-zelos\" style=\"--awb-margin-bottom:10px;--awb-font-size:28px;\"><h1 class=\"fusion-title-heading title-heading-center fusion-responsive-typography-calculated\" style=\"font-family:&quot;Crete Round&quot;;font-style:normal;font-weight:400;margin:0;font-size:1em;--fontSize:28;line-height:1.4;\"><em><strong>Een fonds om het talent van morgen te steunen<\/strong><\/em><\/h1><\/div><div class=\"fusion-sep-clear\"><\/div><div class=\"fusion-separator fusion-full-width-sep\" style=\"margin-left: auto;margin-right: auto;margin-top:50px;width:100%;\"><\/div><div class=\"fusion-sep-clear\"><\/div><div class=\"fusion-clearfix\"><\/div><\/div><\/div><\/div><\/div><div class=\"fusion-fullwidth fullwidth-box fusion-builder-row-2 nonhundred-percent-fullwidth non-hundred-percent-height-scrolling\" style=\"--awb-border-radius-top-left:0px;--awb-border-radius-top-right:0px;--awb-border-radius-bottom-right:0px;--awb-border-radius-bottom-left:0px;--awb-flex-wrap:wrap;\" ><div class=\"fusion-builder-row fusion-row\"><div class=\"fusion-layout-column fusion_builder_column fusion-builder-column-1 fusion_builder_column_2_3 2_3 fusion-two-third fusion-column-first\" style=\"--awb-bg-blend:overlay;--awb-bg-size:cover;width:66.666666666667%;width:calc(66.666666666667% - ( ( 4% ) * 0.66666666666667 ) );margin-right: 4%;\"><div class=\"fusion-column-wrapper fusion-flex-column-wrapper-legacy\"><div class=\"fusion-text fusion-text-1\" style=\"--awb-font-size:15px;--awb-letter-spacing:0.5px;--awb-text-color:#000000;--awb-text-font-family:&quot;Source Sans 3&quot;;--awb-text-font-style:normal;--awb-text-font-weight:400;\"><p>Belgi\u00eb heeft een rijke geschiedenis in de motorsport. Jo\u00ebl Robert, Gaston Rahier, Roger De Coster, Andr\u00e9 Malherbe, Didier de Radigu\u00e8s, Xavier Sim\u00e9on, het zijn er velen die zich in verschillende categorie\u00ebn op twee wielen hebben onderscheiden doorheen de jaren.<\/p>\n<p>Om ervoor te zorgen dat ons land een broedplaats van talent blijft, heeft Zelos zich tot taak gesteld dit erfgoed te bestendigen via verschillende initiatieven. Een daarvan is de oprichting van het Belgian Motorcycle Fund.<\/p>\n<p>De fund werd ondergebracht bij de Koning Boudewijnstichting. Haar eerste missie is het stimuleren van de beoefening van motorsport op hoog niveau in Belgi\u00eb, voor iedereen en in alle veiligheid. Haar tweede missie is het behoud van het rijke Belgische motor\/motorsport erfgoed.<\/p>\n<p><span style=\"font-weight: 400;\">De BMF steunt de activiteiten van de Belgian Motorcycle Academy, een opleidingsschool voor getalenteerde jongeren van 7 tot 17 jaar die een carri\u00e8re op hoog niveau nastreven. De Academy werd opgericht in samenwerking met de <span style=\"text-decoration: underline;\"><a href=\"https:\/\/www.fmwb.be\/#\"><span style=\"color: red; text-decoration: underline;\">Waalse Motorrijdersbond van Belgi\u00eb<\/span><\/a><\/span>, het <span style=\"text-decoration: underline;\"><a href=\"https:\/\/www.circuit-mettet.be\/nl\/\"><span style=\"color: red; text-decoration: underline;\">Circuit Jules Tacheny<\/span><\/a><\/span> in Mettet en <span style=\"color: red;\">MIG\/Zelos<\/span>.\u00a0<\/span><\/p>\n<p>Om de BMF te steunen, kan je hier klikken om in enkele minuten een online donatie te doen. Dankzij uw bijdrage steunt u onze jonge Belgische talenten naar het hoogste niveau in motorsport.<\/p>\n<\/div><div class=\"fusion-clearfix\"><\/div><\/div><\/div><div class=\"fusion-layout-column fusion_builder_column fusion-builder-column-2 fusion_builder_column_1_3 1_3 fusion-one-third fusion-column-last\" style=\"--awb-bg-blend:overlay;--awb-bg-size:cover;width:33.333333333333%;width:calc(33.333333333333% - ( ( 4% ) * 0.33333333333333 ) );\"><div class=\"fusion-column-wrapper fusion-flex-column-wrapper-legacy\"><div class=\"fusion-image-element fusion-image-align-center in-legacy-container\" style=\"text-align:center;--awb-caption-title-font-family:var(--h2_typography-font-family);--awb-caption-title-font-weight:var(--h2_typography-font-weight);--awb-caption-title-font-style:var(--h2_typography-font-style);--awb-caption-title-size:var(--h2_typography-font-size);--awb-caption-title-transform:var(--h2_typography-text-transform);--awb-caption-title-line-height:var(--h2_typography-line-height);--awb-caption-title-letter-spacing:var(--h2_typography-letter-spacing);\"><div class=\"imageframe-align-center\"><span class=\" fusion-imageframe imageframe-none imageframe-2 hover-type-none\"><img decoding=\"async\" width=\"502\" height=\"505\" title=\"WhatsApp Image 2023-04-24 at 17.50.53\" src=\"http:\/\/www.zelos.be\/layout\/uploads\/2023\/04\/WhatsApp-Image-2023-04-24-at-17.50.53.jpeg\" alt class=\"img-responsive wp-image-5198\" srcset=\"https:\/\/www.zelos.be\/layout\/uploads\/2023\/04\/WhatsApp-Image-2023-04-24-at-17.50.53-200x201.jpeg 200w, https:\/\/www.zelos.be\/layout\/uploads\/2023\/04\/WhatsApp-Image-2023-04-24-at-17.50.53-400x402.jpeg 400w, https:\/\/www.zelos.be\/layout\/uploads\/2023\/04\/WhatsApp-Image-2023-04-24-at-17.50.53.jpeg 502w\" sizes=\"(max-width: 800px) 100vw, 400px\" \/><\/span><\/div><\/div><div class=\"fusion-clearfix\"><\/div><\/div><\/div><\/div><\/div><div class=\"fusion-fullwidth fullwidth-box fusion-builder-row-3 nonhundred-percent-fullwidth non-hundred-percent-height-scrolling\" style=\"--awb-border-radius-top-left:0px;--awb-border-radius-top-right:0px;--awb-border-radius-bottom-right:0px;--awb-border-radius-bottom-left:0px;--awb-flex-wrap:wrap;\" ><div class=\"fusion-builder-row fusion-row\"><div class=\"fusion-layout-column fusion_builder_column fusion-builder-column-3 fusion_builder_column_1_1 1_1 fusion-one-full fusion-column-first fusion-column-last\" style=\"--awb-bg-blend:overlay;--awb-bg-size:cover;\"><div class=\"fusion-column-wrapper fusion-flex-column-wrapper-legacy\"><div class=\"fusion-image-element fusion-image-align-center in-legacy-container\" style=\"text-align:center;--awb-max-width:;--awb-caption-title-font-family:var(--h2_typography-font-family);--awb-caption-title-font-weight:var(--h2_typography-font-weight);--awb-caption-title-font-style:var(--h2_typography-font-style);--awb-caption-title-size:var(--h2_typography-font-size);--awb-caption-title-transform:var(--h2_typography-text-transform);--awb-caption-title-line-height:var(--h2_typography-line-height);--awb-caption-title-letter-spacing:var(--h2_typography-letter-spacing);\"><div class=\"imageframe-align-center\"><span class=\" fusion-imageframe imageframe-none imageframe-3 hover-type-none\"><img decoding=\"async\" width=\"1024\" height=\"583\" title=\"Capture d&#8217;\u00e9cran 2025-12-11 165535\" src=\"https:\/\/www.zelos.be\/layout\/uploads\/2025\/12\/Capture-decran-2025-12-11-165535-1024x583.png\" alt class=\"img-responsive wp-image-7994\" srcset=\"https:\/\/www.zelos.be\/layout\/uploads\/2025\/12\/Capture-decran-2025-12-11-165535-200x114.png 200w, https:\/\/www.zelos.be\/layout\/uploads\/2025\/12\/Capture-decran-2025-12-11-165535-400x228.png 400w, https:\/\/www.zelos.be\/layout\/uploads\/2025\/12\/Capture-decran-2025-12-11-165535-600x341.png 600w, https:\/\/www.zelos.be\/layout\/uploads\/2025\/12\/Capture-decran-2025-12-11-165535-800x455.png 800w, https:\/\/www.zelos.be\/layout\/uploads\/2025\/12\/Capture-decran-2025-12-11-165535-1200x683.png 1200w, https:\/\/www.zelos.be\/layout\/uploads\/2025\/12\/Capture-decran-2025-12-11-165535.png 1863w\" sizes=\"(max-width: 800px) 100vw, 1200px\" \/><\/span><\/div><\/div><div class=\"fusion-clearfix\"><\/div><\/div><\/div><\/div><\/div><\/p>\n","protected":false},"excerpt":{"rendered":"","protected":false},"author":10,"featured_media":0,"parent":0,"menu_order":0,"comment_status":"closed","ping_status":"closed","template":"","meta":{"footnotes":""},"class_list":["post-5207","page","type-page","status-publish","hentry"],"aioseo_notices":[],"_links":{"self":[{"href":"https:\/\/www.zelos.be\/nl\/wp-json\/wp\/v2\/pages\/5207"}],"collection":[{"href":"https:\/\/www.zelos.be\/nl\/wp-json\/wp\/v2\/pages"}],"about":[{"href":"https:\/\/www.zelos.be\/nl\/wp-json\/wp\/v2\/types\/page"}],"author":[{"embeddable":true,"href":"https:\/\/www.zelos.be\/nl\/wp-json\/wp\/v2\/users\/10"}],"replies":[{"embeddable":true,"href":"https:\/\/www.zelos.be\/nl\/wp-json\/wp\/v2\/comments?post=5207"}],"version-history":[{"count":7,"href":"https:\/\/www.zelos.be\/nl\/wp-json\/wp\/v2\/pages\/5207\/revisions"}],"predecessor-version":[{"id":7997,"href":"https:\/\/www.zelos.be\/nl\/wp-json\/wp\/v2\/pages\/5207\/revisions\/7997"}],"wp:attachment":[{"href":"https:\/\/www.zelos.be\/nl\/wp-json\/wp\/v2\/media?parent=5207"}],"curies":[{"name":"wp","href":"https:\/\/api.w.org\/{rel}","templated":true}]}}