{"id":891,"date":"2017-11-15T14:39:25","date_gmt":"2017-11-15T13:39:25","guid":{"rendered":"http:\/\/www.zelos.be\/srx-cup-une-premiere-mondiale\/"},"modified":"2017-11-15T14:47:42","modified_gmt":"2017-11-15T13:47:42","slug":"srx-cup-een-werldprimeur","status":"publish","type":"page","link":"https:\/\/www.zelos.be\/nl\/srx-cup-een-werldprimeur\/","title":{"rendered":"SRX Cup: een wereldprimeur"},"content":{"rendered":"<div>\n<table role=\"presentation\" border=\"0\" cellspacing=\"0\" cellpadding=\"0\" align=\"center\">\n<tbody>\n<tr>\n<td>\n<div class=\"mj-column-per-100 outlook-group-fix\">\n<table role=\"presentation\" border=\"0\" width=\"100%\" cellspacing=\"0\" cellpadding=\"0\">\n<tbody>\n<tr>\n<td align=\"center\">\n<table role=\"presentation\" border=\"0\" cellspacing=\"0\" cellpadding=\"0\" align=\"center\">\n<tbody>\n<tr>\n<td><img decoding=\"async\" title=\"\" src=\"http:\/\/k407.mjt.lu\/img\/k407\/b\/4tu\/0ym3.jpeg\" alt=\"\" width=\"600\" height=\"auto\" \/><\/td>\n<\/tr>\n<\/tbody>\n<\/table>\n<\/td>\n<\/tr>\n<\/tbody>\n<\/table>\n<\/div>\n<\/td>\n<\/tr>\n<\/tbody>\n<\/table>\n<\/div>\n<div>\n<table role=\"presentation\" border=\"0\" cellspacing=\"0\" cellpadding=\"0\" align=\"center\">\n<tbody>\n<tr>\n<td>\n<div class=\"mj-column-per-100 outlook-group-fix\">\n<table role=\"presentation\" border=\"0\" width=\"100%\" cellspacing=\"0\" cellpadding=\"0\">\n<tbody>\n<tr>\n<td align=\"left\">\n<div>\n<h2><b>Persbericht &#8211;\u00a0<\/b><b>06\/11\/2017<\/b><\/h2>\n<\/div>\n<\/td>\n<\/tr>\n<tr>\n<td align=\"left\">\n<div>\n<h2>Ladbrokes SRX Cup Round #08<\/h2>\n<\/div>\n<\/td>\n<\/tr>\n<\/tbody>\n<\/table>\n<\/div>\n<\/td>\n<\/tr>\n<\/tbody>\n<\/table>\n<\/div>\n<div>\n<table role=\"presentation\" border=\"0\" cellspacing=\"0\" cellpadding=\"0\" align=\"center\">\n<tbody>\n<tr>\n<td>\n<div class=\"mj-column-per-100 outlook-group-fix\">\n<table role=\"presentation\" border=\"0\" width=\"100%\" cellspacing=\"0\" cellpadding=\"0\">\n<tbody>\n<tr>\n<td align=\"left\">\n<div>\n<p><b>Een wereldprimeur!<\/b><\/p>\n<p><b>Wie had zich ooit aan een rallycross uithoudingsrace verwacht? Tot voor kort \u2026 niemand, behalve de Ladbrokes SRX Cup die met plezier de uitdaging aanging. En het minste wat we kunnen zeggen is dat deze uitdaging succesvol was met een leuke spannende race en een voorbeeldig betrouwbare SsangYong Actyon Sport.\u00a0<\/b><\/p>\n<p>Elf auto\u2019s stonden aan de start van deze eerste rallycross endurance race. Op het programma stond\u00a0eerst de vrije training ingepland, gevolgd door een kwalificatie en een wedstrijd van twee uur met 5 pit stops van 5 minuten. De vaste piloten waren weer van de partij maar ze zijn allemaal verrast geweest door het snelle journalisten-duo van het Sudpresse team met Thierry Wilmotte en St\u00e9phane L\u00e9meret achter het stuur.<\/p>\n<p>Ze eindigden voor het Ladbrokes team waar J\u00e9r\u00f4me Farinaux, 3e in het eindklassement, de wagen deelde met Martin Lucas en Jeremy Peclers. Het podium werd vervolledigd door het jonge duo Benjamin Lessennes, dat recent nog kampioen werd in de TCR BeNeLux, en de RACB piloot Sam Dejonghe.<\/p>\n<p>Guillaume De Ridder, vice-kampioen in de Ladbrokes SRX Cup 2017 en nog in de running voor de titel van vice-kampioen op het Wereldkampioenschap RX2, deelde het stuur van Arwac met 2 amateur piloten: Michel Van Hamme en Sofian Tahere en haalde net niet het podium. De vijfde plaats werd ingenomen door de concessiehouder Keytsman dat Nascar kampioenen Bert Longin en Stienes longin voor de gelegenheid had ingezet.<\/p>\n<p>Naast het sportieve gedeelte, was deze dag een unieke kans om de betrouwbaarheid van de pick-ups te testen. En ze zijn met glans geslaagd: terwijl de auto\u2019s meer dan 2u30 hebben gereden, was er werkelijk niets aan te merken naast een gesprongen gaskabel. Het concept van de rallycross \u201cendurance\u201d sloeg enorm aan bij de piloten. Iedereen was enthousiast en niemand kon zijn glimlach verbergen. Maar ook het publiek en de co-piloten genoten van het spektakel. Niemand minder dan Enzo Scifo reed een rondje mee op het circuit en de voormalig rode duivel vond het gewoonweg fan-tas-tisch!<\/p>\n<p>Op het circuit werd het spektakel vervolledigd door talrijke rallycross auto\u2019s die meerijden in het Belgisch Kampioenschap Rallycross maar ook door de Kart Cross demonstratie van Thierry Neuville himself!<\/p>\n<p>Tot snel voor een volledige presentatie van het 2de seizoen van de Ladbrokes SRX Cup, waar uithoudingsraces natuurlijk goed van pas zullen komen naast de gebruikelijke sprintraces.<\/p>\n<\/div>\n<\/td>\n<\/tr>\n<tr>\n<td align=\"left\">\n<div>\n<p><b>RANKING &#8211; ROUND #8<\/b><\/p>\n<\/div>\n<\/td>\n<\/tr>\n<tr>\n<td align=\"left\">\n<div>\n<p>01.\u00a0<b>Sudpresse (Nr.4)<\/b>. Piloten: St\u00e9phane Lemeret \/ Thierry Wilmotte<\/p>\n<p>02.\u00a0<b>Ladbrokes (Nr.8)<\/b>. Piloten: J\u00e9r\u00f4me Farinaux \/ Martin Lucas \/ Jeremy Peclers<\/p>\n<p>03.\u00a0<b>Media SsangYong\/Cin\u00e9 T\u00e9l\u00e9 Revue (Nr.1)<\/b>. Piloten: Benjamin Lessennes \/ Sam Dejonghe<\/p>\n<p>04.\u00a0<b>Arwac\u00a0&#8211; GDRX (Nr.5)<\/b>. Piloten: Michael Vanhamme \/ Sofian Tahere \/ Guillaume De Ridder<\/p>\n<p>05.\u00a0<b>Dealer SsangYong\/Keytsman\u00a0(Nr.3)<\/b>. Piloten: Bert Longin \/ Stienes Longin<\/p>\n<p>06.\u00a0<b>Lauwers (Nr.6)<\/b>. Piloten: Marc Lauwers \/ Chris Van Woensel \/Danny De Beuckelaer \/ Olivier Hermans<\/p>\n<p>07.<b>\u00a0Moniteur Automobile \/\u00a0Autogids (Nr.11)<\/b>. Piloten: C\u00e9dric Derese\/Xavier Daffe\/Lionel Van Heuverswijn<\/p>\n<p>08.\u00a0<b>Het Laatste Nieuws (Nr.9)<\/b>. Piloten: Nicolas Van De Poele \/ Diego Van De Poele \/ Alexis Van De Poele<\/p>\n<\/div>\n<\/td>\n<\/tr>\n<tr>\n<td align=\"center\">\n<table role=\"presentation\" border=\"0\" cellspacing=\"0\" cellpadding=\"0\" align=\"center\">\n<tbody>\n<tr>\n<td><img decoding=\"async\" title=\"\" src=\"http:\/\/k407.mjt.lu\/img\/k407\/b\/kpp\/mgjm.jpeg\" alt=\"Podium Round #8 Ladbrokes SRX Cup\" width=\"550\" height=\"auto\" \/><\/td>\n<\/tr>\n<\/tbody>\n<\/table>\n<\/td>\n<\/tr>\n<tr>\n<td align=\"center\">\n<table role=\"presentation\" border=\"0\" cellspacing=\"0\" cellpadding=\"0\" align=\"center\">\n<tbody>\n<tr>\n<td><img decoding=\"async\" title=\"\" src=\"http:\/\/k407.mjt.lu\/img\/k407\/b\/kpp\/mgj2.jpeg\" alt=\"Round #8 Ladbrokes SRX Cup\" width=\"550\" height=\"auto\" \/><\/td>\n<\/tr>\n<\/tbody>\n<\/table>\n<\/td>\n<\/tr>\n<tr>\n<td align=\"center\">\n<table role=\"presentation\" border=\"0\" cellspacing=\"0\" cellpadding=\"0\" align=\"center\">\n<tbody>\n<tr>\n<td><img decoding=\"async\" title=\"\" src=\"http:\/\/k407.mjt.lu\/img\/k407\/b\/kpp\/mgjp.jpeg\" alt=\"Pitlane Round #8 Ladbrokes SRX Cup\" width=\"550\" height=\"auto\" \/><\/td>\n<\/tr>\n<\/tbody>\n<\/table>\n<\/td>\n<\/tr>\n<tr>\n<td align=\"center\">\n<table role=\"presentation\" border=\"0\" cellspacing=\"0\" cellpadding=\"0\" align=\"center\">\n<tbody>\n<tr>\n<td><img decoding=\"async\" title=\"\" src=\"http:\/\/k407.mjt.lu\/img\/k407\/b\/kpp\/mgj3.jpeg\" alt=\"Podium Round #8 Ladbrokes SRX Cup\" width=\"550\" height=\"auto\" \/><\/td>\n<\/tr>\n<\/tbody>\n<\/table>\n<\/td>\n<\/tr>\n<\/tbody>\n<\/table>\n<\/div>\n<\/td>\n<\/tr>\n<\/tbody>\n<\/table>\n<\/div>\n<div>\n<table role=\"presentation\" border=\"0\" cellspacing=\"0\" cellpadding=\"0\" align=\"center\">\n<tbody>\n<tr>\n<td><\/td>\n<\/tr>\n<\/tbody>\n<\/table>\n<\/div>\n<div>\n<table role=\"presentation\" border=\"0\" cellspacing=\"0\" cellpadding=\"0\" align=\"center\">\n<tbody>\n<tr>\n<td>\n<div class=\"mj-column-per-100 outlook-group-fix\">\n<table role=\"presentation\" border=\"0\" width=\"100%\" cellspacing=\"0\" cellpadding=\"0\">\n<tbody>\n<tr>\n<td align=\"left\">\n<div>\n<p><b>Foto\u00a0galerij:\u00a0<a href=\"https:\/\/www.news.ssangyong.be\/media\" target=\"_blank\" rel=\"noopener\">\u00a0Klik hier<\/a>\u00a0om de foto&#8217;s in hoge resolutie te downloaden.<\/b><\/p>\n<\/div>\n<\/td>\n<\/tr>\n<tr>\n<td align=\"center\">\n<table role=\"presentation\" border=\"0\" cellspacing=\"0\" cellpadding=\"0\" align=\"center\">\n<tbody>\n<tr>\n<td><img decoding=\"async\" title=\"\" src=\"http:\/\/k407.mjt.lu\/img\/k407\/b\/48r\/s0kk.jpeg\" alt=\"\" width=\"600\" height=\"auto\" \/><\/td>\n<\/tr>\n<\/tbody>\n<\/table>\n<\/td>\n<\/tr>\n<tr>\n<td align=\"left\"><\/td>\n<\/tr>\n<\/tbody>\n<\/table>\n<\/div>\n<\/td>\n<\/tr>\n<\/tbody>\n<\/table>\n<\/div>\n","protected":false},"excerpt":{"rendered":"<p>Persbericht &#8211;\u00a006\/11\/2017 Ladbrokes SRX Cup Round #08 Een wereldprimeur! Wie had zich ooit aan een rallycross uithoudingsrace verwacht? Tot voor kort \u2026 niemand, behalve de Ladbrokes SRX Cup die met plezier de uitdaging aanging. En het minste wat we kunnen zeggen is dat deze uitdaging succesvol was met een leuke spannende race en een voorbeeldig [&hellip;]<\/p>\n","protected":false},"author":4,"featured_media":0,"parent":0,"menu_order":0,"comment_status":"closed","ping_status":"closed","template":"","meta":{"footnotes":""},"class_list":["post-891","page","type-page","status-publish","hentry"],"aioseo_notices":[],"_links":{"self":[{"href":"https:\/\/www.zelos.be\/nl\/wp-json\/wp\/v2\/pages\/891"}],"collection":[{"href":"https:\/\/www.zelos.be\/nl\/wp-json\/wp\/v2\/pages"}],"about":[{"href":"https:\/\/www.zelos.be\/nl\/wp-json\/wp\/v2\/types\/page"}],"author":[{"embeddable":true,"href":"https:\/\/www.zelos.be\/nl\/wp-json\/wp\/v2\/users\/4"}],"replies":[{"embeddable":true,"href":"https:\/\/www.zelos.be\/nl\/wp-json\/wp\/v2\/comments?post=891"}],"version-history":[{"count":2,"href":"https:\/\/www.zelos.be\/nl\/wp-json\/wp\/v2\/pages\/891\/revisions"}],"predecessor-version":[{"id":894,"href":"https:\/\/www.zelos.be\/nl\/wp-json\/wp\/v2\/pages\/891\/revisions\/894"}],"wp:attachment":[{"href":"https:\/\/www.zelos.be\/nl\/wp-json\/wp\/v2\/media?parent=891"}],"curies":[{"name":"wp","href":"https:\/\/api.w.org\/{rel}","templated":true}]}}